{"id":4500,"date":"2025-02-08T10:17:39","date_gmt":"2025-02-08T10:17:39","guid":{"rendered":"https:\/\/angisan-cm.ro\/?page_id=4500"},"modified":"2025-02-19T10:20:31","modified_gmt":"2025-02-19T10:20:31","slug":"psihologie","status":"publish","type":"page","link":"https:\/\/angisan-cm.ro\/index.php\/psihologie\/","title":{"rendered":"Psihologie"},"content":{"rendered":"\n<p>Serviciile de psihologie includ o gam\u0103 larg\u0103 de activit\u0103\u021bi destinate s\u0103 sprijine s\u0103n\u0103tatea mental\u0103 \u0219i emo\u021bional\u0103 a indivizilor. Iat\u0103 c\u00e2teva tipuri de servicii psihologice disponibile:<\/p>\n\n\n\n<ol class=\"wp-block-list\">\n<li><strong>Consiliere psihologic\u0103<\/strong> \u2013 Se concentreaz\u0103 pe sprijinirea individului \u00een gestionarea dificult\u0103\u021bilor de via\u021b\u0103, precum stresul, rela\u021biile, problemele de adaptare sau schimb\u0103rile majore din via\u021b\u0103 (ex. divor\u021b, pierdere).<\/li>\n\n\n\n<li><strong>Psihoterapie<\/strong> \u2013 Un proces mai profund care ajut\u0103 la tratarea unor tulbur\u0103ri emo\u021bionale sau psihologice, cum ar fi depresia, anxietatea, fobiile sau traumele. Exist\u0103 diferite tipuri de psihoterapie, precum terapia cognitiv-comportamental\u0103, terapia psihodinamic\u0103 sau terapia sistemic\u0103.<\/li>\n\n\n\n<li><strong>Evaluare psihologic\u0103<\/strong> \u2013 Psihologii pot efectua evalu\u0103ri pentru a diagnostica tulbur\u0103ri psihologice, pentru a \u00een\u021belege mai bine personalitatea unei persoane sau pentru a evalua capacit\u0103\u021bile cognitive \u0219i emo\u021bionale. Aceste evalu\u0103ri sunt folosite \u00een scopuri clinice, educa\u021bionale sau profesionale.<\/li>\n\n\n\n<li><strong>Terapie de cuplu sau familial\u0103<\/strong> \u2013 Ajut\u0103 la \u00eembun\u0103t\u0103\u021birea comunic\u0103rii \u0219i la rezolvarea conflictelor dintre parteneri sau membri ai familiei.<\/li>\n\n\n\n<li><strong>Consultan\u021b\u0103 \u00een dezvoltare personal\u0103<\/strong> \u2013 Psihologii pot oferi ghidaj pentru dezvoltarea abilit\u0103\u021bilor sociale, gestionarea stresului, \u00eembun\u0103t\u0103\u021birea stimei de sine sau atingerea obiectivelor personale.<\/li>\n\n\n\n<li><strong>Psihologie organiza\u021bional\u0103<\/strong> \u2013 Acesta se refer\u0103 la servicii destinate locurilor de munc\u0103, cum ar fi evaluarea personalului, dezvoltarea abilit\u0103\u021bilor de leadership, \u00eembun\u0103t\u0103\u021birea performan\u021bei echipelor \u0219i gestionarea conflictelor \u00een organiza\u021bii.<\/li>\n<\/ol>\n","protected":false},"excerpt":{"rendered":"<p>Serviciile de psihologie includ o gam\u0103 larg\u0103 de activit\u0103\u021bi destinate s\u0103 sprijine s\u0103n\u0103tatea mental\u0103 \u0219i emo\u021bional\u0103 a indivizilor. Iat\u0103 c\u00e2teva tipuri de servicii psihologice disponibile:<\/p>\n","protected":false},"author":1,"featured_media":0,"parent":0,"menu_order":0,"comment_status":"closed","ping_status":"closed","template":"","meta":{"footnotes":""},"class_list":["post-4500","page","type-page","status-publish","hentry"],"_links":{"self":[{"href":"https:\/\/angisan-cm.ro\/index.php\/wp-json\/wp\/v2\/pages\/4500","targetHints":{"allow":["GET"]}}],"collection":[{"href":"https:\/\/angisan-cm.ro\/index.php\/wp-json\/wp\/v2\/pages"}],"about":[{"href":"https:\/\/angisan-cm.ro\/index.php\/wp-json\/wp\/v2\/types\/page"}],"author":[{"embeddable":true,"href":"https:\/\/angisan-cm.ro\/index.php\/wp-json\/wp\/v2\/users\/1"}],"replies":[{"embeddable":true,"href":"https:\/\/angisan-cm.ro\/index.php\/wp-json\/wp\/v2\/comments?post=4500"}],"version-history":[{"count":2,"href":"https:\/\/angisan-cm.ro\/index.php\/wp-json\/wp\/v2\/pages\/4500\/revisions"}],"predecessor-version":[{"id":4508,"href":"https:\/\/angisan-cm.ro\/index.php\/wp-json\/wp\/v2\/pages\/4500\/revisions\/4508"}],"wp:attachment":[{"href":"https:\/\/angisan-cm.ro\/index.php\/wp-json\/wp\/v2\/media?parent=4500"}],"curies":[{"name":"wp","href":"https:\/\/api.w.org\/{rel}","templated":true}]}}